{"id":7,"date":"2013-05-17T15:19:23","date_gmt":"2013-05-17T13:19:23","guid":{"rendered":"http:\/\/theaterfreunde-pleinting.de\/cms\/?page_id=7"},"modified":"2025-11-19T16:25:58","modified_gmt":"2025-11-19T14:25:58","slug":"home","status":"publish","type":"page","link":"https:\/\/theaterfreunde-pleinting.de\/cms\/","title":{"rendered":"Home"},"content":{"rendered":"\n<div>\n<h2>&nbsp;<\/h2>\n<h1 style=\"text-align: center;\">Herzlich Willkommen bei den Theaterfreunden Pleinting<\/h1>\n<\/div>\n\n\n\n<pre class=\"wp-block-code\"><code><div class=\"gdl-header-wrapper\">\n<\/div><\/code><\/pre>\n\n\n\n<h3 class=\"wp-block-heading\"><strong>Wir \u00fcber uns<\/strong><\/h3>\n\n\n\n<p><\/p>\n\n\n\n<p>Die Gr\u00fcndung des Vereins &#8222;Theaterfreunde Pleinting&#8220; fand am 25. Juli 1997 statt. Damals haben 17 Personen das Gr\u00fcndungsprotokoll unterschrieben. Mittlerweile umfasst der Verein etwa 75 Mitglieder, die fast alle aktiv zum Gelingen der Theatervorstellungen beitragen. Von Beginn an war unser Verein gemeinn\u00fctzig, die F\u00f6rderung von Kunst und Kultur der Zweck. Haupts\u00e4chlich wird dieser durch die (fast) j\u00e4hrlichen, im Januar statt findenden, Auff\u00fchrungen von Theaterst\u00fccken verwirklicht.<\/p>\n\n\n\n<p><br>Wir unterst\u00fctzen in der Hauptsache Organisationen aus Pleinting, denn hier befindet sich unser Sitz, sowohl finanziell als auch durch Mitwirkung bei Veranstaltungen. Satzungsgem\u00e4\u00df findet j\u00e4hrlich eine Jahreshauptversammlung statt, alle 2 Jahre mit Neuwahlen der Vorstandschaft.<\/p>\n\n\n\n<p><br>Im April 2025 wurden folgende Personen in den Vorstand gew\u00e4hlt:<\/p>\n\n\n\n<div class=\"wp-block-group is-layout-constrained\"><div class=\"wp-block-group__inner-container\">\n<div class=\"wp-block-columns is-layout-flex wp-container-2\">\n<div class=\"wp-block-column is-layout-flow\" style=\"flex-basis:100%\">\n<ul>\n<li>Erste Vorsitzende:&nbsp; &nbsp; &nbsp; &nbsp; &nbsp; Regina Huber<\/li>\n\n\n\n<li>Zweite Vorsitzende:&nbsp; &nbsp; &nbsp; &nbsp;Martina Einhellinger<\/li>\n\n\n\n<li>Schriftf\u00fchrerin:&nbsp; &nbsp; &nbsp; &nbsp; &nbsp; &nbsp; &nbsp; &nbsp;Linda Winetsdorfer<\/li>\n\n\n\n<li>Kassier:&nbsp; &nbsp; &nbsp; &nbsp; &nbsp; &nbsp; &nbsp; &nbsp; &nbsp; &nbsp; &nbsp; &nbsp; &nbsp; &nbsp;Stefan Igl<\/li>\n\n\n\n<li>Spielleiter:&nbsp; &nbsp; &nbsp; &nbsp; &nbsp; &nbsp; &nbsp; &nbsp; &nbsp; &nbsp; &nbsp; Josef Brunner<\/li>\n\n\n\n<li>Beisitzer:&nbsp; &nbsp; &nbsp; &nbsp; &nbsp; &nbsp; &nbsp; &nbsp; &nbsp; &nbsp; &nbsp; &nbsp; &nbsp;Egon Zitzelsberger, Markus Zitzelsberger, Konrad Stangl<\/li>\n<\/ul>\n<\/div>\n<\/div>\n<\/div><\/div>\n\n\n\n<h2 class=\"wp-block-heading\">2026 d\u00fcrfen wir Sie zu unserem St\u00fcck \u201eGlenn Miller &amp; Sauschwanzl\u201c \u2013 Kom\u00f6die in 3 Akten von Christian Lex&#8220; einladen<\/h2>\n\n\n\n<figure class=\"wp-block-image size-large\"><a href=\"http:\/\/theaterfreunde-pleinting.de\/cms\/wp-content\/uploads\/2025\/11\/HG2025_HG_Webr.png\"><img decoding=\"async\" loading=\"lazy\" width=\"1024\" height=\"497\" src=\"http:\/\/theaterfreunde-pleinting.de\/cms\/wp-content\/uploads\/2025\/11\/HG2025_HG_Webr-1024x497.png\" alt=\"\" class=\"wp-image-673\" srcset=\"https:\/\/theaterfreunde-pleinting.de\/cms\/wp-content\/uploads\/2025\/11\/HG2025_HG_Webr-1024x497.png 1024w, https:\/\/theaterfreunde-pleinting.de\/cms\/wp-content\/uploads\/2025\/11\/HG2025_HG_Webr-300x146.png 300w, https:\/\/theaterfreunde-pleinting.de\/cms\/wp-content\/uploads\/2025\/11\/HG2025_HG_Webr-768x373.png 768w, https:\/\/theaterfreunde-pleinting.de\/cms\/wp-content\/uploads\/2025\/11\/HG2025_HG_Webr.png 1963w\" sizes=\"(max-width: 1024px) 100vw, 1024px\" \/><\/a><\/figure>\n\n\n\n<h3 class=\"wp-block-heading\">Vorstellungstermine<\/h3>\n\n\n\n<p>Sonntag, den 04. Januar 2026, 17.00 Uhr<br>Dienstag, den 06. Januar 2026, 17.00 Uhr<br>Freitag, den 09. Januar 2026, 19.30 Uhr<br>Samstag, den 10. Januar 2026, 19.30 Uhr<br>Sonntag, den 11. Januar 2026, 17.00 Uhr<br>Freitag, den 16. Januar 2026, 19.30 Uhr<br>Samstag, den 17. Januar 2026, 19.30 Uhr<br>Einlass jeweils eine Stunde vor Vorstellungsbeginn.<\/p>\n\n\n\n<h3 class=\"wp-block-heading\">Kartenvorverkauf<\/h3>\n\n\n\n<p><strong>in der Mehrzweckhalle, Hauptstr. 9 in 94474 Pleinting \u2013 Samstag, den 06. Dezember 2025, von 10.00 \u2013 12.00 Uhr.<\/strong><br>Ab Dienstag, den 09. Dezember 2025, k\u00f6nnen die \u00fcbrigen Karten dienstags \u2013 freitags von 18.00 bis 20.00 Uhr (au\u00dfer an Feiertagen) telefonisch unter 0160\/ 970 84 841 reserviert werden.<br>Reservierte Karten m\u00fcssen bis sp\u00e4testens 30 Minuten vor Spielbeginn an der Abendkasse abgeholt werden, andernfalls gehen sie zur\u00fcck in den freien Verkauf. Nicht abgeholte oder noch verf\u00fcgbare Karten k\u00f6nnen an der Abendkasse erworben&nbsp;werden.<\/p>\n\n\n\n<h3 class=\"wp-block-heading\">Eintritt<\/h3>\n\n\n\n<p><strong>Erwachsene 10 \u20ac, Kinder (bis 12 Jahre) 3 \u20ac<\/strong><\/p>\n\n\n\n<figure class=\"wp-block-image size-large\"><a href=\"http:\/\/theaterfreunde-pleinting.de\/cms\/wp-content\/uploads\/2025\/11\/Flyer.png\"><img decoding=\"async\" loading=\"lazy\" width=\"1024\" height=\"1024\" src=\"http:\/\/theaterfreunde-pleinting.de\/cms\/wp-content\/uploads\/2025\/11\/Flyer-1024x1024.png\" alt=\"\" class=\"wp-image-679\" srcset=\"https:\/\/theaterfreunde-pleinting.de\/cms\/wp-content\/uploads\/2025\/11\/Flyer-1024x1024.png 1024w, https:\/\/theaterfreunde-pleinting.de\/cms\/wp-content\/uploads\/2025\/11\/Flyer-300x300.png 300w, https:\/\/theaterfreunde-pleinting.de\/cms\/wp-content\/uploads\/2025\/11\/Flyer-150x150.png 150w, https:\/\/theaterfreunde-pleinting.de\/cms\/wp-content\/uploads\/2025\/11\/Flyer-768x768.png 768w, https:\/\/theaterfreunde-pleinting.de\/cms\/wp-content\/uploads\/2025\/11\/Flyer.png 1050w\" sizes=\"(max-width: 1024px) 100vw, 1024px\" \/><\/a><\/figure>\n","protected":false},"excerpt":{"rendered":"<p>&nbsp; Herzlich Willkommen bei den Theaterfreunden Pleinting Wir \u00fcber uns Die Gr\u00fcndung des Vereins &#8222;Theaterfreunde Pleinting&#8220; fand am 25. Juli 1997 statt. Damals haben 17 Personen das Gr\u00fcndungsprotokoll unterschrieben. Mittlerweile umfasst der Verein etwa 75 Mitglieder, die fast alle aktiv zum Gelingen der Theatervorstellungen beitragen. Von Beginn an war unser Verein gemeinn\u00fctzig, die F\u00f6rderung von Kunst und Kultur der Zweck. Haupts\u00e4chlich wird dieser durch die (fast) j\u00e4hrlichen, im Januar statt findenden, Auff\u00fchrungen von Theaterst\u00fccken verwirklicht. Wir unterst\u00fctzen in der Hauptsache Organisationen aus Pleinting, denn hier befindet sich unser Sitz, sowohl finanziell als auch durch Mitwirkung bei Veranstaltungen. Satzungsgem\u00e4\u00df findet j\u00e4hrlich eine Jahreshauptversammlung statt, alle 2 Jahre mit Neuwahlen der Vorstandschaft. Im April 2025 wurden folgende Personen in den Vorstand gew\u00e4hlt: 2026 d\u00fcrfen wir Sie zu unserem St\u00fcck \u201eGlenn Miller &amp; Sauschwanzl\u201c \u2013 Kom\u00f6die in 3 Akten von Christian Lex&#8220; einladen Vorstellungstermine Sonntag, den 04. Januar 2026, 17.00 UhrDienstag, den 06. Januar 2026, 17.00 UhrFreitag, den 09. Januar 2026, 19.30 UhrSamstag, den 10. Januar 2026, 19.30 UhrSonntag, den 11. Januar 2026, 17.00 UhrFreitag, den 16. Januar 2026, 19.30 UhrSamstag, den 17. Januar 2026, 19.30 UhrEinlass jeweils eine Stunde vor Vorstellungsbeginn. Kartenvorverkauf in der Mehrzweckhalle, Hauptstr. 9 in 94474 Pleinting \u2013 Samstag, den 06. Dezember 2025, von 10.00 \u2013 12.00 Uhr.Ab Dienstag, den 09. Dezember 2025, k\u00f6nnen die \u00fcbrigen Karten dienstags \u2013 freitags von 18.00 bis 20.00 Uhr (au\u00dfer an Feiertagen) telefonisch unter 0160\/ 970 84 841 reserviert werden.Reservierte Karten m\u00fcssen bis sp\u00e4testens 30 Minuten vor Spielbeginn an der Abendkasse abgeholt werden, andernfalls gehen sie zur\u00fcck in den freien Verkauf. Nicht abgeholte oder noch verf\u00fcgbare Karten k\u00f6nnen an der Abendkasse erworben&nbsp;werden. Eintritt Erwachsene 10 \u20ac, Kinder (bis 12 Jahre) 3 \u20ac<\/p>\n","protected":false},"author":1,"featured_media":0,"parent":0,"menu_order":0,"comment_status":"closed","ping_status":"closed","template":"","meta":[],"_links":{"self":[{"href":"https:\/\/theaterfreunde-pleinting.de\/cms\/wp-json\/wp\/v2\/pages\/7"}],"collection":[{"href":"https:\/\/theaterfreunde-pleinting.de\/cms\/wp-json\/wp\/v2\/pages"}],"about":[{"href":"https:\/\/theaterfreunde-pleinting.de\/cms\/wp-json\/wp\/v2\/types\/page"}],"author":[{"embeddable":true,"href":"https:\/\/theaterfreunde-pleinting.de\/cms\/wp-json\/wp\/v2\/users\/1"}],"replies":[{"embeddable":true,"href":"https:\/\/theaterfreunde-pleinting.de\/cms\/wp-json\/wp\/v2\/comments?post=7"}],"version-history":[{"count":132,"href":"https:\/\/theaterfreunde-pleinting.de\/cms\/wp-json\/wp\/v2\/pages\/7\/revisions"}],"predecessor-version":[{"id":684,"href":"https:\/\/theaterfreunde-pleinting.de\/cms\/wp-json\/wp\/v2\/pages\/7\/revisions\/684"}],"wp:attachment":[{"href":"https:\/\/theaterfreunde-pleinting.de\/cms\/wp-json\/wp\/v2\/media?parent=7"}],"curies":[{"name":"wp","href":"https:\/\/api.w.org\/{rel}","templated":true}]}}