{"id":36,"date":"2013-05-17T15:27:06","date_gmt":"2013-05-17T13:27:06","guid":{"rendered":"http:\/\/theaterfreunde-pleinting.de\/cms\/?page_id=36"},"modified":"2025-10-04T17:58:38","modified_gmt":"2025-10-04T15:58:38","slug":"chronik","status":"publish","type":"page","link":"https:\/\/theaterfreunde-pleinting.de\/cms\/chronik\/","title":{"rendered":"Chronik"},"content":{"rendered":"<div id=\"articletxt\">\n<p><a href=\"http:\/\/theaterfreunde-pleinting.de\/cms\/wp-content\/uploads\/2013\/05\/theaterchronik.jpg\"><img decoding=\"async\" loading=\"lazy\" class=\"size-medium wp-image-44 alignleft\" alt=\"theaterchronik\" src=\"http:\/\/theaterfreunde-pleinting.de\/cms\/wp-content\/uploads\/2013\/05\/theaterchronik-300x170.jpg\" width=\"300\" height=\"170\" srcset=\"https:\/\/theaterfreunde-pleinting.de\/cms\/wp-content\/uploads\/2013\/05\/theaterchronik-300x170.jpg 300w, https:\/\/theaterfreunde-pleinting.de\/cms\/wp-content\/uploads\/2013\/05\/theaterchronik.jpg 737w\" sizes=\"(max-width: 300px) 100vw, 300px\" \/><\/a>Seit mehr als einem halben Jahrhundert wird in Pleinting das Theaterspiel gepflegt. Von 1947 bis 1954 machten sich Frauen und M\u00e4nner des Gesangvereins mit Singspielen wie \u201eDer Postillion\u201c, \u201eWinzererliesl\u201c, \u201e Helga das Fischerm\u00e4dl\u201c, um nur einige zu nennen, weit \u00fcber die Grenzen des Marktes hinaus einen Namen. Unter der Regie von einem Lehrer Graf aus Daxlarn oder auch dem unvergessenen \u201eMusikgenie\u201c Josef Sche\u00dfl wurden riesige Erfolge gefeiert. Schauplatz der Auff\u00fchrungen war der altehrw\u00fcrdige \u201eKlingerbr\u00e4u\u201c.<\/p>\n<p>In den 60er Jahren setzte die Landjugend diese Tradition im Pfarrheim fort. Aufgrund fehlender r\u00e4umlicher M\u00f6glichkeiten geriet das Theaterspiel in Pleinting fast 20 Jahre in Vergessenheit. Erst durch den Bau einer Mehrzweckhalle im Jahre 1995 ergab sich f\u00fcr die reichlich vorhandenen Talente wieder die Chance auf \u201edie Bretter, die die Welt bedeuten\u201c, zur\u00fcckzukehren. Im Rahmen eines bunten Abends wagte man sich 1995 erstmals an die \u00d6ffentlichkeit. Das Lampenfieber war bei den Akteuren greifbar; der Besuch war \u00fcberw\u00e4ltigend; die Halle war mit mehr als 450 Zuschauern total \u00fcberf\u00fcllt. Das Lob der Besucher kannte keine Grenzen. Die Geburtsstunde eines neuen Vereins war gekommen. Am 29.03.1996 trafen sich vierzehn Pleintinger Frauen und M\u00e4nner, um den Theaterverein \u201eTheaterfreunde Pleinting\u201c aus der Taufe zu heben. Bereits ein Jahr sp\u00e4ter trat man mit einem abendf\u00fcllenden St\u00fcck erneut vor das begeisterte Publikum. Die Kartennachfrage war so riesig, dass man sich f\u00fcr zwei Auff\u00fchrungstermine entschloss.&nbsp; An beiden Tagen war die Mehrzweckhalle wieder bis auf den letzten Platz gef\u00fcllt.<a href=\"http:\/\/theaterfreunde-pleinting.de\/cms\/wp-content\/uploads\/2013\/05\/Weltverdruss_Chronik.jpg\"><img decoding=\"async\" loading=\"lazy\" class=\"size-medium wp-image-45 alignright\" alt=\"Weltverdruss_Chronik\" src=\"http:\/\/theaterfreunde-pleinting.de\/cms\/wp-content\/uploads\/2013\/05\/Weltverdruss_Chronik-300x170.jpg\" width=\"300\" height=\"170\" srcset=\"https:\/\/theaterfreunde-pleinting.de\/cms\/wp-content\/uploads\/2013\/05\/Weltverdruss_Chronik-300x170.jpg 300w, https:\/\/theaterfreunde-pleinting.de\/cms\/wp-content\/uploads\/2013\/05\/Weltverdruss_Chronik.jpg 553w\" sizes=\"(max-width: 300px) 100vw, 300px\" \/><\/a> Das Problem war nun nicht mehr, ob, sondern wann gespielt wird.<\/p>\n<p>Im Einvernehmen mit dem damaligen Rektor der Grundschule, Herrn Gaidas, beschloss man, mit vier Vorstellungen auf die Zeit der Weihnachtsferien auszuweichen, um den Schul- bzw. Sportbetrieb in der Halle nicht zu beeintr\u00e4chtigen. Seit 1997 wird nun immer rund um die Dreik\u00f6nigstage in der Pleintinger Mehrzweckhalle Theater gespielt. In den letzten Jahren hat sich die Gruppe sowohl durch ihre schauspielerischen Leistungen, als auch durch die Inszenierungen, sowie die wunderbare B\u00fchnengestaltung einen hervorragenden Ruf erworben, der dazu f\u00fchrte, dass die Besucherzahl stetig anstieg. Das gro\u00dfe Zuschauerinteresse ist f\u00fcr die verschworene Theatergruppe zugleich Ansporn, k\u00fcnftig immer noch bessere Leistungen auf die B\u00fchne zu zaubern.<\/p>\n<p>&nbsp;<\/p>\n<\/div>\n","protected":false},"excerpt":{"rendered":"<p>Seit mehr als einem halben Jahrhundert wird in Pleinting das Theaterspiel gepflegt. Von 1947 bis 1954 machten sich Frauen und M\u00e4nner des Gesangvereins mit Singspielen wie \u201eDer Postillion\u201c, \u201eWinzererliesl\u201c, \u201e Helga das Fischerm\u00e4dl\u201c, um nur einige zu nennen, weit \u00fcber die Grenzen des Marktes hinaus einen Namen. Unter der Regie von einem Lehrer Graf aus Daxlarn oder auch dem unvergessenen \u201eMusikgenie\u201c Josef Sche\u00dfl wurden riesige Erfolge gefeiert. Schauplatz der Auff\u00fchrungen war der altehrw\u00fcrdige \u201eKlingerbr\u00e4u\u201c. In den 60er Jahren setzte die Landjugend diese Tradition im Pfarrheim fort. Aufgrund fehlender r\u00e4umlicher M\u00f6glichkeiten geriet das Theaterspiel in Pleinting fast 20 Jahre in Vergessenheit. Erst durch den Bau einer Mehrzweckhalle im Jahre 1995 ergab sich f\u00fcr die reichlich vorhandenen Talente wieder die Chance auf \u201edie Bretter, die die Welt bedeuten\u201c, zur\u00fcckzukehren. Im Rahmen eines bunten Abends wagte man sich 1995 erstmals an die \u00d6ffentlichkeit. Das Lampenfieber war bei den Akteuren greifbar; der Besuch war \u00fcberw\u00e4ltigend; die Halle war mit mehr als 450 Zuschauern total \u00fcberf\u00fcllt. Das Lob der Besucher kannte keine Grenzen. Die Geburtsstunde eines neuen Vereins war gekommen. Am 29.03.1996 trafen sich vierzehn Pleintinger Frauen und M\u00e4nner, um den Theaterverein \u201eTheaterfreunde Pleinting\u201c aus der Taufe zu heben. Bereits ein Jahr sp\u00e4ter trat man mit einem abendf\u00fcllenden St\u00fcck erneut vor das begeisterte Publikum. Die Kartennachfrage war so riesig, dass man sich f\u00fcr zwei Auff\u00fchrungstermine entschloss.&nbsp; An beiden Tagen war die Mehrzweckhalle wieder bis auf den letzten Platz gef\u00fcllt. Das Problem war nun nicht mehr, ob, sondern wann gespielt wird. Im Einvernehmen mit dem damaligen Rektor der Grundschule, Herrn Gaidas, beschloss man, mit vier Vorstellungen auf die Zeit der Weihnachtsferien auszuweichen, um den Schul- bzw. Sportbetrieb in der Halle nicht zu beeintr\u00e4chtigen. Seit 1997 wird nun immer rund um die Dreik\u00f6nigstage in der Pleintinger Mehrzweckhalle Theater gespielt. In den letzten Jahren hat sich die Gruppe sowohl durch ihre schauspielerischen Leistungen, als auch durch die Inszenierungen, sowie die wunderbare B\u00fchnengestaltung einen hervorragenden Ruf erworben, der dazu f\u00fchrte, dass die Besucherzahl stetig anstieg. Das gro\u00dfe Zuschauerinteresse ist f\u00fcr die verschworene Theatergruppe zugleich Ansporn, k\u00fcnftig immer noch bessere Leistungen auf die B\u00fchne zu zaubern. &nbsp;<\/p>\n","protected":false},"author":1,"featured_media":0,"parent":0,"menu_order":0,"comment_status":"closed","ping_status":"closed","template":"","meta":[],"_links":{"self":[{"href":"https:\/\/theaterfreunde-pleinting.de\/cms\/wp-json\/wp\/v2\/pages\/36"}],"collection":[{"href":"https:\/\/theaterfreunde-pleinting.de\/cms\/wp-json\/wp\/v2\/pages"}],"about":[{"href":"https:\/\/theaterfreunde-pleinting.de\/cms\/wp-json\/wp\/v2\/types\/page"}],"author":[{"embeddable":true,"href":"https:\/\/theaterfreunde-pleinting.de\/cms\/wp-json\/wp\/v2\/users\/1"}],"replies":[{"embeddable":true,"href":"https:\/\/theaterfreunde-pleinting.de\/cms\/wp-json\/wp\/v2\/comments?post=36"}],"version-history":[{"count":5,"href":"https:\/\/theaterfreunde-pleinting.de\/cms\/wp-json\/wp\/v2\/pages\/36\/revisions"}],"predecessor-version":[{"id":627,"href":"https:\/\/theaterfreunde-pleinting.de\/cms\/wp-json\/wp\/v2\/pages\/36\/revisions\/627"}],"wp:attachment":[{"href":"https:\/\/theaterfreunde-pleinting.de\/cms\/wp-json\/wp\/v2\/media?parent=36"}],"curies":[{"name":"wp","href":"https:\/\/api.w.org\/{rel}","templated":true}]}}