{"id":12,"date":"2013-05-17T15:20:42","date_gmt":"2013-05-17T13:20:42","guid":{"rendered":"http:\/\/theaterfreunde-pleinting.de\/cms\/?page_id=12"},"modified":"2025-11-19T16:14:35","modified_gmt":"2025-11-19T14:14:35","slug":"aktuelle-auffuhrung","status":"publish","type":"page","link":"https:\/\/theaterfreunde-pleinting.de\/cms\/aktuelle-auffuhrung\/","title":{"rendered":"Aktuelle Auff\u00fchrung"},"content":{"rendered":"<h2>\u00a0&#8222;Glenn Miller &amp; Sauschwanzl&#8220; &#8211; Kom\u00f6die in 3 Akten von Christian Lex<\/h2>\n<p><strong>Teislfing, Fr\u00fchjahr 1946:<\/strong><br \/>\nDie Jahre nach dem Zweiten Weltkrieg sind keine leichten, und Bayern steht unter der Zwangsverwaltung der Amerikaner. Obwohl der Krieg seit gut einem Jahr beendet ist, gilt Metzger Vitus Aicher noch immer als vermisst.<\/p>\n<p>Seine resolute Ehefrau Johanna versucht gemeinsam mit ihrem Schwiegervater<br \/>\nOpa Aicher, ihre Kinder Hilde und Max so gut wie m\u00f6glich durch die harten Zeiten zu bringen \u2013 das gelingt jedoch nur mit kreativen und nicht immer legalen Mitteln.<\/p>\n<p>Und eines Tages klopft es an der Haust\u00fcr \u2026<\/p>\n<hr \/>\n<p><a href=\"http:\/\/theaterfreunde-pleinting.de\/cms\/wp-content\/uploads\/2025\/11\/Spieler2025.png\"><img decoding=\"async\" loading=\"lazy\" class=\"alignleft wp-image-672 size-large\" src=\"http:\/\/theaterfreunde-pleinting.de\/cms\/wp-content\/uploads\/2025\/11\/Spieler2025-1024x521.png\" alt=\"\" width=\"960\" height=\"488\" srcset=\"https:\/\/theaterfreunde-pleinting.de\/cms\/wp-content\/uploads\/2025\/11\/Spieler2025-1024x521.png 1024w, https:\/\/theaterfreunde-pleinting.de\/cms\/wp-content\/uploads\/2025\/11\/Spieler2025-300x153.png 300w, https:\/\/theaterfreunde-pleinting.de\/cms\/wp-content\/uploads\/2025\/11\/Spieler2025-768x391.png 768w, https:\/\/theaterfreunde-pleinting.de\/cms\/wp-content\/uploads\/2025\/11\/Spieler2025.png 1265w\" sizes=\"(max-width: 960px) 100vw, 960px\" \/><\/a><\/p>\n<hr \/>\n<h3><\/h3>\n<h3><\/h3>\n<h3><\/h3>\n<h3><\/h3>\n<h3>Vorstellungstermine<\/h3>\n<p>Sonntag, den 04. Januar 2026, 17.00 Uhr<br \/>\nDienstag, den 06. Januar 2026, 17.00 Uhr<br \/>\nFreitag, den 09. Januar 2026, 19.30 Uhr<br \/>\nSamstag, den 10. Januar 2026, 19.30 Uhr<br \/>\nSonntag, den 11. Januar 2026, 17.00 Uhr<br \/>\nFreitag, den 16. Januar 2026, 19.30 Uhr<br \/>\nSamstag, den 17. Januar 2026, 19.30 Uhr<br \/>\nEinlass jeweils eine Stunde vor Vorstellungsbeginn.<\/p>\n<h3>Kartenvorverkauf<\/h3>\n<p><strong>in der Mehrzweckhalle, Hauptstr. 9 in 94474 Pleinting &#8211; Samstag, den 06. Dezember 2025, von 10.00 &#8211; 12.00 Uhr.<\/strong><br \/>\nAb Dienstag, den 09. Dezember 2025, k\u00f6nnen die \u00fcbrigen Karten dienstags &#8211; freitags von 18.00 bis 20.00 Uhr (au\u00dfer an Feiertagen) telefonisch unter 0160\/ 970 84 841 reserviert werden.<br \/>\nReservierte Karten m\u00fcssen bis sp\u00e4testens 30 Minuten vor Spielbeginn an der Abendkasse abgeholt werden, andernfalls gehen sie zur\u00fcck in den freien Verkauf. Nicht abgeholte oder noch verf\u00fcgbare Karten k\u00f6nnen an der Abendkasse erworben\u00a0werden.<\/p>\n<h3>Eintritt<\/h3>\n<p><strong>Erwachsene 10 \u20ac, Kinder (bis 12 Jahre) 3 \u20ac<\/strong><\/p>\n<p><a href=\"http:\/\/theaterfreunde-pleinting.de\/cms\/wp-content\/uploads\/2025\/11\/HG2025_HG_Webr.png\"><img decoding=\"async\" loading=\"lazy\" class=\"alignleft wp-image-673 size-full\" src=\"http:\/\/theaterfreunde-pleinting.de\/cms\/wp-content\/uploads\/2025\/11\/HG2025_HG_Webr.png\" alt=\"\" width=\"1963\" height=\"953\" srcset=\"https:\/\/theaterfreunde-pleinting.de\/cms\/wp-content\/uploads\/2025\/11\/HG2025_HG_Webr.png 1963w, https:\/\/theaterfreunde-pleinting.de\/cms\/wp-content\/uploads\/2025\/11\/HG2025_HG_Webr-300x146.png 300w, https:\/\/theaterfreunde-pleinting.de\/cms\/wp-content\/uploads\/2025\/11\/HG2025_HG_Webr-1024x497.png 1024w, https:\/\/theaterfreunde-pleinting.de\/cms\/wp-content\/uploads\/2025\/11\/HG2025_HG_Webr-768x373.png 768w\" sizes=\"(max-width: 1963px) 100vw, 1963px\" \/><\/a><\/p>\n<p>Sehen Sie sich doch auch die Highlights der vorherigen Jahre an: <a title=\"Bisherige Auff\u00fchrungen\" href=\"http:\/\/theaterfreunde-pleinting.de\/cms\/auffuhrungen\/bisherige-auffuhrungen\/\">Bisherigen Auff\u00fchrungen<\/a><\/p>\n","protected":false},"excerpt":{"rendered":"<p>\u00a0&#8222;Glenn Miller &amp; Sauschwanzl&#8220; &#8211; Kom\u00f6die in 3 Akten von Christian Lex Teislfing, Fr\u00fchjahr 1946: Die Jahre nach dem Zweiten Weltkrieg sind keine leichten, und Bayern steht unter der Zwangsverwaltung der Amerikaner. Obwohl der Krieg seit gut einem Jahr beendet ist, gilt Metzger Vitus Aicher noch immer als vermisst. Seine resolute Ehefrau Johanna versucht gemeinsam mit ihrem Schwiegervater Opa Aicher, ihre Kinder Hilde und Max so gut wie m\u00f6glich durch die harten Zeiten zu bringen \u2013 das gelingt jedoch nur mit kreativen und nicht immer legalen Mitteln. Und eines Tages klopft es an der Haust\u00fcr \u2026 Vorstellungstermine Sonntag, den 04. Januar 2026, 17.00 Uhr Dienstag, den 06. Januar 2026, 17.00 Uhr Freitag, den 09. Januar 2026, 19.30 Uhr Samstag, den 10. Januar 2026, 19.30 Uhr Sonntag, den 11. Januar 2026, 17.00 Uhr Freitag, den 16. Januar 2026, 19.30 Uhr Samstag, den 17. Januar 2026, 19.30 Uhr Einlass jeweils eine Stunde vor Vorstellungsbeginn. Kartenvorverkauf in der Mehrzweckhalle, Hauptstr. 9 in 94474 Pleinting &#8211; Samstag, den 06. Dezember 2025, von 10.00 &#8211; 12.00 Uhr. Ab Dienstag, den 09. Dezember 2025, k\u00f6nnen die \u00fcbrigen Karten dienstags &#8211; freitags von 18.00 bis 20.00 Uhr (au\u00dfer an Feiertagen) telefonisch unter 0160\/ 970 84 841 reserviert werden. Reservierte Karten m\u00fcssen bis sp\u00e4testens 30 Minuten vor Spielbeginn an der Abendkasse abgeholt werden, andernfalls gehen sie zur\u00fcck in den freien Verkauf. Nicht abgeholte oder noch verf\u00fcgbare Karten k\u00f6nnen an der Abendkasse erworben\u00a0werden. Eintritt Erwachsene 10 \u20ac, Kinder (bis 12 Jahre) 3 \u20ac Sehen Sie sich doch auch die Highlights der vorherigen Jahre an: Bisherigen Auff\u00fchrungen<\/p>\n","protected":false},"author":1,"featured_media":0,"parent":0,"menu_order":0,"comment_status":"closed","ping_status":"closed","template":"","meta":[],"_links":{"self":[{"href":"https:\/\/theaterfreunde-pleinting.de\/cms\/wp-json\/wp\/v2\/pages\/12"}],"collection":[{"href":"https:\/\/theaterfreunde-pleinting.de\/cms\/wp-json\/wp\/v2\/pages"}],"about":[{"href":"https:\/\/theaterfreunde-pleinting.de\/cms\/wp-json\/wp\/v2\/types\/page"}],"author":[{"embeddable":true,"href":"https:\/\/theaterfreunde-pleinting.de\/cms\/wp-json\/wp\/v2\/users\/1"}],"replies":[{"embeddable":true,"href":"https:\/\/theaterfreunde-pleinting.de\/cms\/wp-json\/wp\/v2\/comments?post=12"}],"version-history":[{"count":64,"href":"https:\/\/theaterfreunde-pleinting.de\/cms\/wp-json\/wp\/v2\/pages\/12\/revisions"}],"predecessor-version":[{"id":675,"href":"https:\/\/theaterfreunde-pleinting.de\/cms\/wp-json\/wp\/v2\/pages\/12\/revisions\/675"}],"wp:attachment":[{"href":"https:\/\/theaterfreunde-pleinting.de\/cms\/wp-json\/wp\/v2\/media?parent=12"}],"curies":[{"name":"wp","href":"https:\/\/api.w.org\/{rel}","templated":true}]}}